{"id":1854,"date":"2022-07-21T09:28:27","date_gmt":"2022-07-21T09:28:27","guid":{"rendered":"https:\/\/viriatus.pt\/?page_id=1854"},"modified":"2022-07-21T09:55:35","modified_gmt":"2022-07-21T09:55:35","slug":"termos-e-condicoes","status":"publish","type":"page","link":"https:\/\/viriatus.pt\/en\/termos-e-condicoes\/","title":{"rendered":"Terms and conditions"},"content":{"rendered":"<div class=\"wpb-content-wrapper\"><div  class=\"vc_row wpb_row\">\n\t<div class=\"wpb_column vc_column_container vc_col-sm-12\"><div class=\"vc_column-inner\" >\n\t\t<div class=\"wpb_wrapper\">\n\t\t\t\n\t<div class=\"wpb_text_column wpb_content_element\" >\n\t\t<div class=\"wpb_wrapper\">\n\t\t\t<h2>Identifica\u00e7\u00e3o<\/h2>\n<p>Classical &amp; Timeless Unip. Lda., sociedade por quotas de denomina\u00e7\u00e3o comercial \u201cViriatus Houses\u201d, com sede em Estrada de Ferreira,375 4940-255, Ferreira, concelho de Paredes de Coura, distrito de Viana do Castelo; identifica\u00e7\u00e3o fiscal n\u00ba 514683929, registo RNET n\u00ba 9601 (Viriatus Houses \u2013 Casa das Mattas) e RNET n\u00ba 9575 (Viriatus Houses).<\/p>\n\n\t\t<\/div>\n\t<\/div>\n\n\t\t<\/div> <\/div>\n\t<\/div> \n<\/div><div  class=\"vc_row wpb_row\">\n\t<div class=\"wpb_column vc_column_container vc_col-sm-12\"><div class=\"vc_column-inner\" >\n\t\t<div class=\"wpb_wrapper\">\n\t\t\t\n\t<div class=\"wpb_text_column wpb_content_element\" >\n\t\t<div class=\"wpb_wrapper\">\n\t\t\t<h2>Servi\u00e7o de Reservas Online e Pagamento<\/h2>\n<p>O nosso website disp\u00f5e de um sistema de reservas online, de forma a facilitar e tornar direta a rela\u00e7\u00e3o com o utilizador\/cliente.<\/p>\n<p>A reserva encontrar-se-\u00e1 em processo de confirma\u00e7\u00e3o, efetivando-se a mesma ap\u00f3s o pagamento, por parte do utilizador, do montante indicado no website correspondente \u00e0 estadia pretendida. Todos estes passos ser\u00e3o indicados e confirmados ao nosso cliente atrav\u00e9s de notifica\u00e7\u00f5es de e-mail.<\/p>\n<p>Altera\u00e7\u00f5es a reservas confirmadas carecem sempre de verifica\u00e7\u00e3o por parte da ger\u00eancia.<\/p>\n<p>Propomos ao utilizador as seguintes modalidades de pagamento:<\/p>\n<ul>\n<li>Transfer\u00eancias Banc\u00e1rias: no caso de transfer\u00eancias internacionais ou com convers\u00e3o de moeda n\u00e3o ser\u00e3o aceites transfer\u00eancias com despesas partilhadas e\/ou a cargo do destinat\u00e1rio; as transfer\u00eancias devem ser sempre feitas com despesas a conta do ordenante da transfer\u00eancia.<\/li>\n<\/ul>\n<p>Todos os valores j\u00e1 t\u00eam IVA inclu\u00eddo \u00e0 taxa legal em vigor.<\/p>\n\n\t\t<\/div>\n\t<\/div>\n\n\t\t<\/div> <\/div>\n\t<\/div> \n<\/div><div  class=\"vc_row wpb_row\">\n\t<div class=\"wpb_column vc_column_container vc_col-sm-12\"><div class=\"vc_column-inner\" >\n\t\t<div class=\"wpb_wrapper\">\n\t\t\t\n\t<div class=\"wpb_text_column wpb_content_element\" >\n\t\t<div class=\"wpb_wrapper\">\n\t\t\t<h2>Pol\u00edtica de Cancelamento<\/h2>\n<p>O cancelamento de reservas confirmadas n\u00e3o envolve o direito a reembolso, independentemente da anteced\u00eancia ou motivo pelo qual \u00e9 efectuado o respectivo cancelamento.<\/p>\n\n\t\t<\/div>\n\t<\/div>\n\n\t\t<\/div> <\/div>\n\t<\/div> \n<\/div><div  class=\"vc_row wpb_row\">\n\t<div class=\"wpb_column vc_column_container vc_col-sm-12\"><div class=\"vc_column-inner\" >\n\t\t<div class=\"wpb_wrapper\">\n\t\t\t\n\t<div class=\"wpb_text_column wpb_content_element\" >\n\t\t<div class=\"wpb_wrapper\">\n\t\t\t<h2>Hor\u00e1rio de Check-In e Check-Out<\/h2>\n<p>O hor\u00e1rio de check-in \u00e9 entre as 16h00 e as 20h00.<\/p>\n<p>No momento de check-in todos os h\u00f3spedes devem apresentar um documento de identifica\u00e7\u00e3o com fotografia e o cart\u00e3o de cr\u00e9dito utilizado na reserva.<\/p>\n<p>Caso os h\u00f3spedes desejem chegar mais cedo recomendamos que reservem e paguem a noite anterior \u00e0 data de chegada, para que a disponibilidade imediata do quarto seja assegurada e para que possamos proporcionar a melhor experi\u00eancia de chegada poss\u00edvel.<\/p>\n<p>O check-out \u00e9 das 8h \u00e0s 12h00. Ap\u00f3s esta hora \u00e9 cobrada uma tarifa extra de alojamento de mais uma dormida.<\/p>\n<p>Caso opte por n\u00e3o reservar uma noite adicional que possibilite uma chegada antecipada ou um late check-out, temos todo o gosto em que desfrute das nossas instala\u00e7\u00f5es enquanto guardamos a sua bagagem.<\/p>\n\n\t\t<\/div>\n\t<\/div>\n\n\t\t<\/div> <\/div>\n\t<\/div> \n<\/div><div  class=\"vc_row wpb_row\">\n\t<div class=\"wpb_column vc_column_container vc_col-sm-12\"><div class=\"vc_column-inner\" >\n\t\t<div class=\"wpb_wrapper\">\n\t\t\t\n\t<div class=\"wpb_text_column wpb_content_element\" >\n\t\t<div class=\"wpb_wrapper\">\n\t\t\t<h2>Dep\u00f3sito de reserva<\/h2>\n<p>Poder\u00e1 ser pedido o pagamento antecipado de um valor de dep\u00f3sito para garantir a reserva, mediante a situa\u00e7\u00e3o.<\/p>\n<p>Em todas as reservas pr\u00e9-autorizamos o cart\u00e3o de cr\u00e9dito fornecido para garantir a mesma.<\/p>\n\n\t\t<\/div>\n\t<\/div>\n\n\t\t<\/div> <\/div>\n\t<\/div> \n<\/div><div  class=\"vc_row wpb_row\">\n\t<div class=\"wpb_column vc_column_container vc_col-sm-12\"><div class=\"vc_column-inner\" >\n\t\t<div class=\"wpb_wrapper\">\n\t\t\t\n\t<div class=\"wpb_text_column wpb_content_element\" >\n\t\t<div class=\"wpb_wrapper\">\n\t\t\t<h2>Per\u00edodo de repouso<\/h2>\n<p>Os h\u00f3spedes devem respeitar o hor\u00e1rio de descanso entre as 00:00 e as 08:00.<\/p>\n\n\t\t<\/div>\n\t<\/div>\n\n\t\t<\/div> <\/div>\n\t<\/div> \n<\/div><div  class=\"vc_row wpb_row\">\n\t<div class=\"wpb_column vc_column_container vc_col-sm-12\"><div class=\"vc_column-inner\" >\n\t\t<div class=\"wpb_wrapper\">\n\t\t\t\n\t<div class=\"wpb_text_column wpb_content_element\" >\n\t\t<div class=\"wpb_wrapper\">\n\t\t\t<h2>N\u00famero M\u00e1ximo de H\u00f3spedes<\/h2>\n<p>O alojamento tem a lota\u00e7\u00e3o de 16 h\u00f3spedes.<\/p>\n\n\t\t<\/div>\n\t<\/div>\n\n\t\t<\/div> <\/div>\n\t<\/div> \n<\/div><div  class=\"vc_row wpb_row\">\n\t<div class=\"wpb_column vc_column_container vc_col-sm-12\"><div class=\"vc_column-inner\" >\n\t\t<div class=\"wpb_wrapper\">\n\t\t\t\n\t<div class=\"wpb_text_column wpb_content_element\" >\n\t\t<div class=\"wpb_wrapper\">\n\t\t\t<h2>Camas adicionais<\/h2>\n<p>Todos os ber\u00e7os e camas extra est\u00e3o sujeitos \u00e0 disponibilidade.<\/p>\n\n\t\t<\/div>\n\t<\/div>\n\n\t\t<\/div> <\/div>\n\t<\/div> \n<\/div><div  class=\"vc_row wpb_row\">\n\t<div class=\"wpb_column vc_column_container vc_col-sm-12\"><div class=\"vc_column-inner\" >\n\t\t<div class=\"wpb_wrapper\">\n\t\t\t\n\t<div class=\"wpb_text_column wpb_content_element\" >\n\t\t<div class=\"wpb_wrapper\">\n\t\t\t<h2>Proibi\u00e7\u00e3o de Fumar<\/h2>\n<p>Apenas \u00e9 permitido fumar nos espa\u00e7os exteriores do alojamento, estando o incumprimento desta norma sujeito a coima aplicada sob os termos legais em vigor.<\/p>\n\n\t\t<\/div>\n\t<\/div>\n\n\t\t<\/div> <\/div>\n\t<\/div> \n<\/div><div  class=\"vc_row wpb_row\">\n\t<div class=\"wpb_column vc_column_container vc_col-sm-12\"><div class=\"vc_column-inner\" >\n\t\t<div class=\"wpb_wrapper\">\n\t\t\t\n\t<div class=\"wpb_text_column wpb_content_element\" >\n\t\t<div class=\"wpb_wrapper\">\n\t\t\t<h2>Higieniza\u00e7\u00e3o e Limpeza<\/h2>\n<p>Em estadias m\u00ednimas de 14 noites, est\u00e1 inclu\u00edda uma higieniza\u00e7\u00e3o e limpeza das instala\u00e7\u00f5es a meio da estadia (dia e hor\u00e1rio definido no momento do check-in, sob consulta de disponibilidade), bem como substitui\u00e7\u00e3o de roupas de cama e atoalhados de higiene pessoal.<\/p>\n<p>Para limpezas adicionais, o h\u00f3spede pode requisitar este servi\u00e7o, sujeito a um custo e mediante confirma\u00e7\u00e3o de disponibilidade com a ger\u00eancia.<\/p>\n\n\t\t<\/div>\n\t<\/div>\n\n\t\t<\/div> <\/div>\n\t<\/div> \n<\/div><div  class=\"vc_row wpb_row\">\n\t<div class=\"wpb_column vc_column_container vc_col-sm-12\"><div class=\"vc_column-inner\" >\n\t\t<div class=\"wpb_wrapper\">\n\t\t\t\n\t<div class=\"wpb_text_column wpb_content_element\" >\n\t\t<div class=\"wpb_wrapper\">\n\t\t\t<h2>Responsabilidade do H\u00f3spede<\/h2>\n<p>O h\u00f3spede \u00e9 respons\u00e1vel pela veracidade de todas as informa\u00e7\u00f5es facultadas no momento da efetiva\u00e7\u00e3o da reserva (n\u00famero de h\u00f3spedes adultos, crian\u00e7as, beb\u00e9s), comprometendo-se a cumprir com as condi\u00e7\u00f5es espec\u00edficas do alojamento acordadas ao efectivar a reserva.<\/p>\n<p>S\u00e3o, ainda, da responsabilidade do(s) h\u00f3spede(s) eventuais danos causados ao estabelecimento, equipamento e mobili\u00e1rio.<\/p>\n\n\t\t<\/div>\n\t<\/div>\n\n\t\t<\/div> <\/div>\n\t<\/div> \n<\/div><div  class=\"vc_row wpb_row\">\n\t<div class=\"wpb_column vc_column_container vc_col-sm-12\"><div class=\"vc_column-inner\" >\n\t\t<div class=\"wpb_wrapper\">\n\t\t\t\n\t<div class=\"wpb_text_column wpb_content_element\" >\n\t\t<div class=\"wpb_wrapper\">\n\t\t\t<h2>Informa\u00e7\u00f5es gerais aos h\u00f3spedes<\/h2>\n<p>Arrendamento em exclusivo de todas as unidades do alojamento ou arrendamento parcial.<\/p>\n<p>Piscina exterior com \u00e1gua salgada.<\/p>\n<p>Transferes de carro de e para o aeroporto a pedido e com um custo adicional.<\/p>\n<p>Servi\u00e7o de lavandaria a pedido e a um custo adicional.<\/p>\n<p>Aluguer de bicicletas e capacetes a pedido e a um custo adicional.<\/p>\n<p>Programa de atividades semanais.<\/p>\n<p>Aluguer para Eventos Privados (anivers\u00e1rios, festas\u2026).<\/p>\n<p>Aluguer para Eventos Corporate, Team Buildings.<\/p>\n<p>Photo Shootings &amp; Filmagens.<\/p>\n\n\t\t<\/div>\n\t<\/div>\n\n\t\t<\/div> <\/div>\n\t<\/div> \n<\/div><div  class=\"vc_row wpb_row\">\n\t<div class=\"wpb_column vc_column_container vc_col-sm-12\"><div class=\"vc_column-inner\" >\n\t\t<div class=\"wpb_wrapper\">\n\t\t\t\n\t<div class=\"wpb_text_column wpb_content_element\" >\n\t\t<div class=\"wpb_wrapper\">\n\t\t\t<h2>Responsabilidade Perante Danos a Terceiros<\/h2>\n<p>A Casas Viriatus n\u00e3o se responsabiliza perante qualquer incidente de terceiros, assim como perdas e danos de objetos pessoais ou despesas de qualquer natureza ocorridas durante a estadia nas instala\u00e7\u00f5es, estejam direta ou indiretamente a esta relacionadas.<\/p>\n\n\t\t<\/div>\n\t<\/div>\n\n\t\t<\/div> <\/div>\n\t<\/div> \n<\/div><div  class=\"vc_row wpb_row\">\n\t<div class=\"wpb_column vc_column_container vc_col-sm-12\"><div class=\"vc_column-inner\" >\n\t\t<div class=\"wpb_wrapper\">\n\t\t\t\n\t<div class=\"wpb_text_column wpb_content_element\" >\n\t\t<div class=\"wpb_wrapper\">\n\t\t\t<h2>Gest\u00e3o de Conflitos<\/h2>\n<p>De acordo com a Lei n\u00ba144\/2015, na sua vers\u00e3o atualmente em vigor, informamos que, em caso de lit\u00edgio, o foro competente para onde o consumidor se deve dirigir \u00e9:<\/p>\n<p><b>CIAB \u2013 Braga (Tribunal Arbitral do Consumo)<\/b><\/p>\n<p>Rua Dom Afonso Henriques n\u00ba 1, 4700-030 Braga<\/p>\n<p>Telef.: 253 617 604<\/p>\n<p>Endere\u00e7o de email: <a href=\"mailto:geral@ciab.pt\">geral@ciab.pt<\/a><\/p>\n\n\t\t<\/div>\n\t<\/div>\n\n\t\t<\/div> <\/div>\n\t<\/div> \n<\/div><div  class=\"vc_row wpb_row\">\n\t<div class=\"wpb_column vc_column_container vc_col-sm-12\"><div class=\"vc_column-inner\" >\n\t\t<div class=\"wpb_wrapper\">\n\t\t\t\n\t<div class=\"wpb_text_column wpb_content_element\" >\n\t\t<div class=\"wpb_wrapper\">\n\t\t\t<h2>Lei e Foros Aplic\u00e1veis<\/h2>\n<p>Os presentes Termos de Uso e Condi\u00e7\u00f5es s\u00e3o regulados pela Lei Portuguesa e a resolu\u00e7\u00e3o de qualquer lit\u00edgio emergente da interpreta\u00e7\u00e3o e execu\u00e7\u00e3o deste documento estar\u00e1 submetido \u00e0 lei e aos tribunais portugueses.<\/p>\n\n\t\t<\/div>\n\t<\/div>\n\n\t\t<\/div> <\/div>\n\t<\/div> \n<\/div><div  class=\"vc_row wpb_row\">\n\t<div class=\"wpb_column vc_column_container vc_col-sm-12\"><div class=\"vc_column-inner\" >\n\t\t<div class=\"wpb_wrapper\">\n\t\t\t\n\t<div class=\"wpb_text_column wpb_content_element\" >\n\t\t<div class=\"wpb_wrapper\">\n\t\t\t<h2>Contactos da Ger\u00eancia<\/h2>\n<p><b>Telem\u00f3vel:<\/b> <a href=\"tel:919159388\">919159388<\/a> | <a href=\"tel:918657414\">918657414<\/a><\/p>\n<p><strong>E-mail:<\/strong> <a href=\"mailto:info@viriatus.pt\">info@viriatus.pt<\/a> | <a href=\"mailto:janine.soares13@gmail.com\">janine.soares13@gmail.com<\/a><\/p>\n\n\t\t<\/div>\n\t<\/div>\n\n\t\t<\/div> <\/div>\n\t<\/div> \n<\/div><div id=\"wbc-69e4e66dd13e1\"  class=\"vc_row wpb_row  full-width-section\">\n\t<div class=\"wpb_column vc_column_container vc_col-sm-12\"><div class=\"vc_column-inner\" >\n\t\t<div class=\"wpb_wrapper\">\n\t\t\t<div class=\"vc_separator wpb_content_element vc_separator_align_center vc_sep_width_100 vc_sep_pos_align_center vc_separator_no_text wpb_content_element  wpb_content_element\" ><span class=\"vc_sep_holder vc_sep_holder_l\"><span style=\"border-color:rgb(134,134,134);border-color:rgba(134,134,134,0.24);\" class=\"vc_sep_line\"><\/span><\/span><span class=\"vc_sep_holder vc_sep_holder_r\"><span style=\"border-color:rgb(134,134,134);border-color:rgba(134,134,134,0.24);\" class=\"vc_sep_line\"><\/span><\/span>\n<\/div>\n\t\t<\/div> <\/div>\n\t<\/div> \n<\/div><!-- Begin Header -->\n\n    <header class=\"wbc-sticky header-bar mobile-menu\" data-menu-height=\"83\" data-scroll-height=\"40\">\n\n\n      \n      <div class=\"menu-bar-wrapper\">\n        <div class=\"container\">\n          <div class=\"header-inner\">\n\n            <div class=\"site-logo-title has-logo\"><a href=\"https:\/\/viriatus.pt\/en\/\"><img decoding=\"async\" class=\"wbc-main-logo\" src=\"https:\/\/viriatus.pt\/wp-content\/uploads\/2021\/04\/LogoViriatus_Houses_RGB-01-1.png\" alt=\"Casas Viriatus - Turismo rural\"><img decoding=\"async\" class=\"wbc-alt-logo\" src=\"https:\/\/viriatus.pt\/wp-content\/uploads\/2021\/04\/LogoViriatus_Houses_RGB_white-01-1.png\" alt=\"Casas Viriatus - Turismo rural\"><\/a><\/div><!-- .\/site-logo-title --><nav id=\"wbc9-main\" class=\"primary-menu\"><ul id=\"main-menu\" class=\"wbc_menu\"><li id=\"menu-item-965\" class=\"menu-item menu-item-type-post_type menu-item-object-page menu-item-home menu-item-965\"><a href=\"https:\/\/viriatus.pt\/en\/\">Home<\/a><\/li>\n<li id=\"menu-item-966\" class=\"menu-item menu-item-type-custom menu-item-object-custom menu-item-966\"><a href=\"https:\/\/viriatus.pt\/en\/#galeria\">Gallery<\/a><\/li>\n<li id=\"menu-item-968\" class=\"menu-item menu-item-type-custom menu-item-object-custom menu-item-968\"><a href=\"https:\/\/viriatus.pt\/en\/#recursos\">Services<\/a><\/li>\n<li id=\"menu-item-969\" class=\"menu-item menu-item-type-custom menu-item-object-custom menu-item-969\"><a href=\"https:\/\/viriatus.pt\/en\/#atividades\">Activities<\/a><\/li>\n<li id=\"menu-item-1559\" class=\"menu-item menu-item-type-post_type menu-item-object-page menu-item-1559\"><a href=\"https:\/\/viriatus.pt\/en\/booking\/\">Booking<\/a><\/li>\n<li id=\"menu-item-1767\" class=\"menu-item menu-item-type-post_type menu-item-object-page menu-item-1767\"><a href=\"https:\/\/viriatus.pt\/en\/sobre\/\">About Us<\/a><\/li>\n<li id=\"menu-item-2163\" class=\"menu-item menu-item-type-custom menu-item-object-custom menu-item-2163\"><a href=\"https:\/\/viriatus.pt\/en\/#noticias\">Noticias<\/a><\/li>\n<li id=\"menu-item-971\" class=\"menu-item menu-item-type-custom menu-item-object-custom menu-item-971\"><a href=\"https:\/\/viriatus.pt\/en\/#contactos\">Contacts<\/a><\/li>\n<\/ul><\/nav>            <div class=\"clearfix\"><\/div>\n          <\/div><!-- .\/header-inner -->\n\n\n          <a href=\"#\" class=\"menu-icon\" aria-label=\"Toggle Menu\"><i class=\"fa fa-bars\"><\/i><\/a>\n          <nav id=\"mobile-nav-menu\" class=\"mobile-nav-menu\" style=\"display:none;\">\n            <ul id=\"mobile-nav-menu-ul\" class=\"wbc_menu\"><li class=\"menu-item menu-item-type-post_type menu-item-object-page menu-item-home menu-item-965\"><a href=\"https:\/\/viriatus.pt\/en\/\">Home<\/a><\/li>\n<li class=\"menu-item menu-item-type-custom menu-item-object-custom menu-item-966\"><a href=\"https:\/\/viriatus.pt\/en\/#galeria\">Gallery<\/a><\/li>\n<li class=\"menu-item menu-item-type-custom menu-item-object-custom menu-item-968\"><a href=\"https:\/\/viriatus.pt\/en\/#recursos\">Services<\/a><\/li>\n<li class=\"menu-item menu-item-type-custom menu-item-object-custom menu-item-969\"><a href=\"https:\/\/viriatus.pt\/en\/#atividades\">Activities<\/a><\/li>\n<li class=\"menu-item menu-item-type-post_type menu-item-object-page menu-item-1559\"><a href=\"https:\/\/viriatus.pt\/en\/booking\/\">Booking<\/a><\/li>\n<li class=\"menu-item menu-item-type-post_type menu-item-object-page menu-item-1767\"><a href=\"https:\/\/viriatus.pt\/en\/sobre\/\">About Us<\/a><\/li>\n<li class=\"menu-item menu-item-type-custom menu-item-object-custom menu-item-2163\"><a href=\"https:\/\/viriatus.pt\/en\/#noticias\">Noticias<\/a><\/li>\n<li class=\"menu-item menu-item-type-custom menu-item-object-custom menu-item-971\"><a href=\"https:\/\/viriatus.pt\/en\/#contactos\">Contacts<\/a><\/li>\n<\/ul>          <\/nav>\n         <div class=\"clearfix\"><\/div>\n        <\/div><!-- .\/container -->\n      <\/div> <!-- .\/menu-bar-wrapper -->\n          <\/header>\n<!-- End Header -->\n<\/p>\n<\/div>","protected":false},"excerpt":{"rendered":"Identifica\u00e7\u00e3o Classical &amp; Timeless Unip. Lda., sociedade por quotas de denomina\u00e7\u00e3o comercial \u201cViriatus Houses\u201d, com sede em Estrada de Ferreira,375 4940-255, Ferreira, concelho de Paredes de Coura, distrito de Viana do Castelo; identifica\u00e7\u00e3o fiscal n\u00ba 514683929, registo RNET n\u00ba 9601 (Viriatus Houses \u2013 Casa das Mattas) e RNET n\u00ba 9575 (Viriatus Houses). Servi\u00e7o de Reservas [...]","protected":false},"author":1,"featured_media":0,"parent":0,"menu_order":0,"comment_status":"closed","ping_status":"closed","template":"","meta":{"footnotes":""},"class_list":["post-1854","page","type-page","status-publish","hentry"],"_links":{"self":[{"href":"https:\/\/viriatus.pt\/en\/wp-json\/wp\/v2\/pages\/1854","targetHints":{"allow":["GET"]}}],"collection":[{"href":"https:\/\/viriatus.pt\/en\/wp-json\/wp\/v2\/pages"}],"about":[{"href":"https:\/\/viriatus.pt\/en\/wp-json\/wp\/v2\/types\/page"}],"author":[{"embeddable":true,"href":"https:\/\/viriatus.pt\/en\/wp-json\/wp\/v2\/users\/1"}],"replies":[{"embeddable":true,"href":"https:\/\/viriatus.pt\/en\/wp-json\/wp\/v2\/comments?post=1854"}],"version-history":[{"count":6,"href":"https:\/\/viriatus.pt\/en\/wp-json\/wp\/v2\/pages\/1854\/revisions"}],"predecessor-version":[{"id":1860,"href":"https:\/\/viriatus.pt\/en\/wp-json\/wp\/v2\/pages\/1854\/revisions\/1860"}],"wp:attachment":[{"href":"https:\/\/viriatus.pt\/en\/wp-json\/wp\/v2\/media?parent=1854"}],"curies":[{"name":"wp","href":"https:\/\/api.w.org\/{rel}","templated":true}]}}