{"id":1775,"date":"2022-07-20T16:16:33","date_gmt":"2022-07-20T16:16:33","guid":{"rendered":"https:\/\/viriatus.pt\/?page_id=1775"},"modified":"2022-07-21T08:30:30","modified_gmt":"2022-07-21T08:30:30","slug":"politica-de-privacidade","status":"publish","type":"page","link":"https:\/\/viriatus.pt\/en\/politica-de-privacidade\/","title":{"rendered":"Privacy Policy"},"content":{"rendered":"<div class=\"wpb-content-wrapper\"><div  class=\"vc_row wpb_row\">\n\t<div class=\"wpb_column vc_column_container vc_col-sm-12\"><div class=\"vc_column-inner\" >\n\t\t<div class=\"wpb_wrapper\">\n\t\t\t\n\t<div class=\"wpb_text_column wpb_content_element\" >\n\t\t<div class=\"wpb_wrapper\">\n\t\t\t<h2>Respons\u00e1vel pelo tratamento de dados pessoais<\/h2>\n<p>Classical &amp; Timeless Unip. Lda., sociedade unipessoal por quotas com a firma \u201cClassical &amp; Timeless Unipessoal Lda., com sede na Estrada de Ferreira, n\u00ba 375 , Madorra, 4940-255, Ferreira, concelho de Paredes de Coura, distrito de Viana do Castelo; identifica\u00e7\u00e3o fiscal n\u00ba 514683929, registo RNET n\u00ba 9601 (Viriatus Houses &#8211; Casa das Mattas &#8211; Villas) e RNET n\u00ba 9575 ( Viriatus &#8211; Houses).<\/p>\n\n\t\t<\/div>\n\t<\/div>\n\n\t\t<\/div> <\/div>\n\t<\/div> \n<\/div><div  class=\"vc_row wpb_row\">\n\t<div class=\"wpb_column vc_column_container vc_col-sm-12\"><div class=\"vc_column-inner\" >\n\t\t<div class=\"wpb_wrapper\">\n\t\t\t\n\t<div class=\"wpb_text_column wpb_content_element\" >\n\t\t<div class=\"wpb_wrapper\">\n\t\t\t<h2>Recolha e tratamento de dados pessoais do utilizador<\/h2>\n<p>Todos os dados pessoais fornecidos ao website destinam-se por exclusivo ao uso e processamento de pedidos de informa\u00e7\u00e3o e contacto do(s) utilizador(es)\/cliente(s), tais como nome, contacto telef\u00f3nico e endere\u00e7o de correio eletr\u00f3nico, morada, n\u00famero de identifica\u00e7\u00e3o fiscal e\/ou outros n\u00fameros de identifica\u00e7\u00e3o pessoal; n\u00e3o sendo utilizados para qualquer outro fim.<\/p>\n<p>Esta informa\u00e7\u00e3o pertence, unicamente, \u00e0 base de dados da Classical &amp; Timeless Unip. Lda, destinando-se a ser usada no seguimento de contactos e negocia\u00e7\u00f5es estabelecidas por o cliente\/utilizador, de forma a servi-lo melhor, n\u00e3o sendo, em caso algum, fornecida a terceiros.<\/p>\n\n\t\t<\/div>\n\t<\/div>\n\n\t\t<\/div> <\/div>\n\t<\/div> \n<\/div><div  class=\"vc_row wpb_row\">\n\t<div class=\"wpb_column vc_column_container vc_col-sm-12\"><div class=\"vc_column-inner\" >\n\t\t<div class=\"wpb_wrapper\">\n\t\t\t\n\t<div class=\"wpb_text_column wpb_content_element\" >\n\t\t<div class=\"wpb_wrapper\">\n\t\t\t<h2>Quem tem acesso aos dados pessoais do utilizador<\/h2>\n<p>A nossa empresa n\u00e3o divulga a terceiros quaisquer dados pessoais dos seus clientes e utilizadores sem o seu consentimento, exceto quando tal for exigido por lei, sendo da nossa responsabilidade o tratamento dos dados pessoais do utilizador.<\/p>\n<p>Caso o titular dos dados pessoais necessite de entrar em contacto com o respons\u00e1vel pelo tratamento de dados, poder\u00e1 faz\u00ea-lo atrav\u00e9s dos meios e contactos indicados no website.<\/p>\n\n\t\t<\/div>\n\t<\/div>\n\n\t\t<\/div> <\/div>\n\t<\/div> \n<\/div><div  class=\"vc_row wpb_row\">\n\t<div class=\"wpb_column vc_column_container vc_col-sm-12\"><div class=\"vc_column-inner\" >\n\t\t<div class=\"wpb_wrapper\">\n\t\t\t\n\t<div class=\"wpb_text_column wpb_content_element\" >\n\t\t<div class=\"wpb_wrapper\">\n\t\t\t<h2>Onde e durante quanto tempo s\u00e3o guardados os dados do utilizador?<\/h2>\n<p>Os dados dos nossos utilizadores s\u00e3o guardados automaticamente num servidor seguro, sendo armazenados em bases de dados espec\u00edficas, criadas para o efeito. Estes servidores s\u00e3o protegidos e mantidos de acordo com standards de seguran\u00e7a e respeitando as leis de privacidade aplic\u00e1veis.<\/p>\n<p>Salvaguardando requisitos legais os dados ser\u00e3o armazenados e conservados apenas pelo per\u00edodo m\u00ednimo necess\u00e1rio das finalidades que motivaram a sua recolha ou o seu posterior tratamento, nos termos definidos na lei.<\/p>\n<p>Caso deseje ser removido da nossa base de dados, poder\u00e1 exercer esse direito, contactando-nos canais dispon\u00edveis no site.<\/p>\n<p>A utiliza\u00e7\u00e3o de cookies permite que a navega\u00e7\u00e3o do s\u00edtio na internet seja constantemente otimizada de forma a proporcionar uma experi\u00eancia com elevada qualidade e que supere a qualidade obtida na visita anterior por parte do utilizador.<\/p>\n\n\t\t<\/div>\n\t<\/div>\n\n\t\t<\/div> <\/div>\n\t<\/div> \n<\/div><div id=\"wbc-69e4e768aaf23\"  class=\"vc_row wpb_row  full-width-section\">\n\t<div class=\"wpb_column vc_column_container vc_col-sm-12\"><div class=\"vc_column-inner\" >\n\t\t<div class=\"wpb_wrapper\">\n\t\t\t<div class=\"vc_separator wpb_content_element vc_separator_align_center vc_sep_width_100 vc_sep_pos_align_center vc_separator_no_text wpb_content_element  wpb_content_element\" ><span class=\"vc_sep_holder vc_sep_holder_l\"><span style=\"border-color:rgb(134,134,134);border-color:rgba(134,134,134,0.24);\" class=\"vc_sep_line\"><\/span><\/span><span class=\"vc_sep_holder vc_sep_holder_r\"><span style=\"border-color:rgb(134,134,134);border-color:rgba(134,134,134,0.24);\" class=\"vc_sep_line\"><\/span><\/span>\n<\/div>\n\t\t<\/div> <\/div>\n\t<\/div> \n<\/div><!-- Begin Header -->\n\n    <header class=\"wbc-sticky header-bar mobile-menu\" data-menu-height=\"83\" data-scroll-height=\"40\">\n\n\n      \n      <div class=\"menu-bar-wrapper\">\n        <div class=\"container\">\n          <div class=\"header-inner\">\n\n            <div class=\"site-logo-title has-logo\"><a href=\"https:\/\/viriatus.pt\/en\/\"><img decoding=\"async\" class=\"wbc-main-logo\" src=\"https:\/\/viriatus.pt\/wp-content\/uploads\/2021\/04\/LogoViriatus_Houses_RGB-01-1.png\" alt=\"Casas Viriatus - Turismo rural\"><img decoding=\"async\" class=\"wbc-alt-logo\" src=\"https:\/\/viriatus.pt\/wp-content\/uploads\/2021\/04\/LogoViriatus_Houses_RGB_white-01-1.png\" alt=\"Casas Viriatus - Turismo rural\"><\/a><\/div><!-- .\/site-logo-title --><nav id=\"wbc9-main\" class=\"primary-menu\"><ul id=\"main-menu\" class=\"wbc_menu\"><li id=\"menu-item-965\" class=\"menu-item menu-item-type-post_type menu-item-object-page menu-item-home menu-item-965\"><a href=\"https:\/\/viriatus.pt\/en\/\">Home<\/a><\/li>\n<li id=\"menu-item-966\" class=\"menu-item menu-item-type-custom menu-item-object-custom menu-item-966\"><a href=\"https:\/\/viriatus.pt\/en\/#galeria\">Gallery<\/a><\/li>\n<li id=\"menu-item-968\" class=\"menu-item menu-item-type-custom menu-item-object-custom menu-item-968\"><a href=\"https:\/\/viriatus.pt\/en\/#recursos\">Services<\/a><\/li>\n<li id=\"menu-item-969\" class=\"menu-item menu-item-type-custom menu-item-object-custom menu-item-969\"><a href=\"https:\/\/viriatus.pt\/en\/#atividades\">Activities<\/a><\/li>\n<li id=\"menu-item-1559\" class=\"menu-item menu-item-type-post_type menu-item-object-page menu-item-1559\"><a href=\"https:\/\/viriatus.pt\/en\/booking\/\">Booking<\/a><\/li>\n<li id=\"menu-item-1767\" class=\"menu-item menu-item-type-post_type menu-item-object-page menu-item-1767\"><a href=\"https:\/\/viriatus.pt\/en\/sobre\/\">About Us<\/a><\/li>\n<li id=\"menu-item-2163\" class=\"menu-item menu-item-type-custom menu-item-object-custom menu-item-2163\"><a href=\"https:\/\/viriatus.pt\/en\/#noticias\">Noticias<\/a><\/li>\n<li id=\"menu-item-971\" class=\"menu-item menu-item-type-custom menu-item-object-custom menu-item-971\"><a href=\"https:\/\/viriatus.pt\/en\/#contactos\">Contacts<\/a><\/li>\n<\/ul><\/nav>            <div class=\"clearfix\"><\/div>\n          <\/div><!-- .\/header-inner -->\n\n\n          <a href=\"#\" class=\"menu-icon\" aria-label=\"Toggle Menu\"><i class=\"fa fa-bars\"><\/i><\/a>\n          <nav id=\"mobile-nav-menu\" class=\"mobile-nav-menu\" style=\"display:none;\">\n            <ul id=\"mobile-nav-menu-ul\" class=\"wbc_menu\"><li class=\"menu-item menu-item-type-post_type menu-item-object-page menu-item-home menu-item-965\"><a href=\"https:\/\/viriatus.pt\/en\/\">Home<\/a><\/li>\n<li class=\"menu-item menu-item-type-custom menu-item-object-custom menu-item-966\"><a href=\"https:\/\/viriatus.pt\/en\/#galeria\">Gallery<\/a><\/li>\n<li class=\"menu-item menu-item-type-custom menu-item-object-custom menu-item-968\"><a href=\"https:\/\/viriatus.pt\/en\/#recursos\">Services<\/a><\/li>\n<li class=\"menu-item menu-item-type-custom menu-item-object-custom menu-item-969\"><a href=\"https:\/\/viriatus.pt\/en\/#atividades\">Activities<\/a><\/li>\n<li class=\"menu-item menu-item-type-post_type menu-item-object-page menu-item-1559\"><a href=\"https:\/\/viriatus.pt\/en\/booking\/\">Booking<\/a><\/li>\n<li class=\"menu-item menu-item-type-post_type menu-item-object-page menu-item-1767\"><a href=\"https:\/\/viriatus.pt\/en\/sobre\/\">About Us<\/a><\/li>\n<li class=\"menu-item menu-item-type-custom menu-item-object-custom menu-item-2163\"><a href=\"https:\/\/viriatus.pt\/en\/#noticias\">Noticias<\/a><\/li>\n<li class=\"menu-item menu-item-type-custom menu-item-object-custom menu-item-971\"><a href=\"https:\/\/viriatus.pt\/en\/#contactos\">Contacts<\/a><\/li>\n<\/ul>          <\/nav>\n         <div class=\"clearfix\"><\/div>\n        <\/div><!-- .\/container -->\n      <\/div> <!-- .\/menu-bar-wrapper -->\n          <\/header>\n<!-- End Header -->\n<\/p>\n<\/div>","protected":false},"excerpt":{"rendered":"Respons\u00e1vel pelo tratamento de dados pessoais Classical &amp; Timeless Unip. Lda., sociedade unipessoal por quotas com a firma \u201cClassical &amp; Timeless Unipessoal Lda., com sede na Estrada de Ferreira, n\u00ba 375 , Madorra, 4940-255, Ferreira, concelho de Paredes de Coura, distrito de Viana do Castelo; identifica\u00e7\u00e3o fiscal n\u00ba 514683929, registo RNET n\u00ba 9601 (Viriatus Houses [...]","protected":false},"author":1,"featured_media":0,"parent":0,"menu_order":0,"comment_status":"closed","ping_status":"closed","template":"","meta":{"footnotes":""},"class_list":["post-1775","page","type-page","status-publish","hentry"],"_links":{"self":[{"href":"https:\/\/viriatus.pt\/en\/wp-json\/wp\/v2\/pages\/1775","targetHints":{"allow":["GET"]}}],"collection":[{"href":"https:\/\/viriatus.pt\/en\/wp-json\/wp\/v2\/pages"}],"about":[{"href":"https:\/\/viriatus.pt\/en\/wp-json\/wp\/v2\/types\/page"}],"author":[{"embeddable":true,"href":"https:\/\/viriatus.pt\/en\/wp-json\/wp\/v2\/users\/1"}],"replies":[{"embeddable":true,"href":"https:\/\/viriatus.pt\/en\/wp-json\/wp\/v2\/comments?post=1775"}],"version-history":[{"count":9,"href":"https:\/\/viriatus.pt\/en\/wp-json\/wp\/v2\/pages\/1775\/revisions"}],"predecessor-version":[{"id":1832,"href":"https:\/\/viriatus.pt\/en\/wp-json\/wp\/v2\/pages\/1775\/revisions\/1832"}],"wp:attachment":[{"href":"https:\/\/viriatus.pt\/en\/wp-json\/wp\/v2\/media?parent=1775"}],"curies":[{"name":"wp","href":"https:\/\/api.w.org\/{rel}","templated":true}]}}