{"id":1724,"date":"2022-07-20T15:04:58","date_gmt":"2022-07-20T15:04:58","guid":{"rendered":"https:\/\/viriatus.pt\/?page_id=1724"},"modified":"2022-08-01T11:06:14","modified_gmt":"2022-08-01T11:06:14","slug":"sobre","status":"publish","type":"page","link":"https:\/\/viriatus.pt\/en\/sobre\/","title":{"rendered":"About Us"},"content":{"rendered":"<div class=\"wpb-content-wrapper\"><div id=\"wbc-69e4e697d5fa9\"  class=\"vc_row wpb_row  full-width-section\" style=\"padding-top: 40px;padding-bottom: 40px;\"><span class=\"anchor-link\" id=\"about\"><\/span><div class=\"container\"><div class=\"row row-inner\">\n\t<div class=\"wpb_column vc_column_container vc_col-sm-12\"><div class=\"vc_column-inner\" >\n\t\t<div class=\"wpb_wrapper\">\n\t\t\t<div class=\"vc_row wpb_row vc_inner vc_row-fluid wbc-eq-height wbc-vertical-center\"><div class=\"wpb_column vc_column_container vc_col-sm-3\"><div class=\"vc_column-inner\"><div class=\"wpb_wrapper\">\n\t<div  class=\"wpb_single_image wpb_content_element vc_align_center wpb_content_element\">\n\t\t\n\t\t<figure class=\"wpb_wrapper vc_figure\">\n\t\t\t<div class=\"vc_single_image-wrapper vc_box_shadow  vc_box_border_grey\"><img loading=\"lazy\" decoding=\"async\" width=\"1920\" height=\"1440\" src=\"https:\/\/viriatus.pt\/wp-content\/uploads\/2022\/07\/IMG_1577.jpg\" class=\"vc_single_image-img attachment-full\" alt=\"\" title=\"IMG_1577\" srcset=\"https:\/\/viriatus.pt\/wp-content\/uploads\/2022\/07\/IMG_1577.jpg 1920w, https:\/\/viriatus.pt\/wp-content\/uploads\/2022\/07\/IMG_1577-300x225.jpg 300w, https:\/\/viriatus.pt\/wp-content\/uploads\/2022\/07\/IMG_1577-1024x768.jpg 1024w, https:\/\/viriatus.pt\/wp-content\/uploads\/2022\/07\/IMG_1577-768x576.jpg 768w, https:\/\/viriatus.pt\/wp-content\/uploads\/2022\/07\/IMG_1577-1536x1152.jpg 1536w, https:\/\/viriatus.pt\/wp-content\/uploads\/2022\/07\/IMG_1577-16x12.jpg 16w, https:\/\/viriatus.pt\/wp-content\/uploads\/2022\/07\/IMG_1577-1140x855.jpg 1140w, https:\/\/viriatus.pt\/wp-content\/uploads\/2022\/07\/IMG_1577-848x636.jpg 848w\" sizes=\"auto, (max-width: 1920px) 100vw, 1920px\" \/><\/div>\n\t\t<\/figure>\n\t<\/div>\n<div class=\"vc_separator wpb_content_element vc_separator_align_center vc_sep_width_100 vc_sep_pos_align_center vc_separator_no_text vc_sep_color_grey wpb_content_element  wpb_content_element\" ><span class=\"vc_sep_holder vc_sep_holder_l\"><span class=\"vc_sep_line\"><\/span><\/span><span class=\"vc_sep_holder vc_sep_holder_r\"><span class=\"vc_sep_line\"><\/span><\/span>\n<\/div>\n\t<div  class=\"wpb_single_image wpb_content_element vc_align_left wpb_content_element\">\n\t\t\n\t\t<figure class=\"wpb_wrapper vc_figure\">\n\t\t\t<div class=\"vc_single_image-wrapper   vc_box_border_grey\"><img loading=\"lazy\" decoding=\"async\" width=\"1920\" height=\"1275\" src=\"https:\/\/viriatus.pt\/wp-content\/uploads\/2020\/04\/2296-viriatus-country-houses-paredes-coura-exterior.jpg\" class=\"vc_single_image-img attachment-full\" alt=\"\" title=\"2296-viriatus-country-houses-paredes-coura-exterior\" srcset=\"https:\/\/viriatus.pt\/wp-content\/uploads\/2020\/04\/2296-viriatus-country-houses-paredes-coura-exterior.jpg 1920w, https:\/\/viriatus.pt\/wp-content\/uploads\/2020\/04\/2296-viriatus-country-houses-paredes-coura-exterior-300x199.jpg 300w, https:\/\/viriatus.pt\/wp-content\/uploads\/2020\/04\/2296-viriatus-country-houses-paredes-coura-exterior-1024x680.jpg 1024w, https:\/\/viriatus.pt\/wp-content\/uploads\/2020\/04\/2296-viriatus-country-houses-paredes-coura-exterior-768x510.jpg 768w, https:\/\/viriatus.pt\/wp-content\/uploads\/2020\/04\/2296-viriatus-country-houses-paredes-coura-exterior-1536x1020.jpg 1536w, https:\/\/viriatus.pt\/wp-content\/uploads\/2020\/04\/2296-viriatus-country-houses-paredes-coura-exterior-18x12.jpg 18w, https:\/\/viriatus.pt\/wp-content\/uploads\/2020\/04\/2296-viriatus-country-houses-paredes-coura-exterior-1140x757.jpg 1140w, https:\/\/viriatus.pt\/wp-content\/uploads\/2020\/04\/2296-viriatus-country-houses-paredes-coura-exterior-848x563.jpg 848w\" sizes=\"auto, (max-width: 1920px) 100vw, 1920px\" \/><\/div>\n\t\t<\/figure>\n\t<\/div>\n<\/div><\/div><\/div><div class=\"wpb_column vc_column_container vc_col-sm-9\"><div class=\"vc_column-inner\"><div class=\"wpb_wrapper\"><div class=\"wbc-heading clearfix\"><h3 class=\"special-heading-3\" style=\"font-size:35px;text-align:center;margin-bottom:20px;\">O CONCEITO DAS <span class=\"wbc-color\" >VIRIATUS HOUSES<\/span><\/h3><\/div>\n\t<div class=\"wpb_text_column wpb_content_element\" >\n\t\t<div class=\"wpb_wrapper\">\n\t\t\t<p style=\"text-align: center;\">As Casas Viriatus s\u00e3o casas de campo de turismo rural situadas numa quinta em Paredes de Coura, no centro do Alto Minho.<\/p>\n<p style=\"text-align: center;\">No restauro dos edif\u00edcios, procuramos ser fi\u00e9is \u00e0 tra\u00e7a antiga, mas imprimindo comodidade e modernidade aos espa\u00e7os com a utiliza\u00e7\u00e3o de materiais locais. Tamb\u00e9m no mobili\u00e1rio e decora\u00e7\u00e3o, buscamos inspira\u00e7\u00e3o em \u00e9pocas passadas, sempre com a preocupa\u00e7\u00e3o de minimizar o impacto no meio ambiente. Por isso, apostamos na recupera\u00e7\u00e3o e reutiliza\u00e7\u00e3o de pe\u00e7as, escolhidas com crit\u00e9rio e dedica\u00e7\u00e3o. Procuramos detalhes discretos e esquecidos, a eleg\u00e2ncia e o r\u00fastico, as marcas da idade, e abra\u00e7amos a beleza das assimetrias, das irregularidades e da simplicidade.<\/p>\n<p style=\"text-align: center;\">Recebemos os nossos h\u00f3spedes com afeto e proximidade, respeitando a diversidade de todos, num ambiente onde imperam vistas \u00fanicas sobre a tranquilidade da natureza. Neste local, ter\u00e1 tempo para respirar ar puro, refletir, escutar os sons da natureza, passear, ler um livro, ouvir m\u00fasica e contemplar as paisagens buc\u00f3licas e verdejantes que circundam a propriedade.<\/p>\n<p style=\"text-align: center;\">Na Viriatus queremos que os visitantes aproveitem a vida, a natureza e tudo o que ela tem para oferecer.<\/p>\n<p style=\"text-align: center;\">Desejamos que sigam viagem acompanhados de mem\u00f3rias de momentos simples e felizes!<\/p>\n\n\t\t<\/div>\n\t<\/div>\n<\/div><\/div><\/div><\/div>\n\t\t<\/div> <\/div>\n\t<\/div> \n<\/div><\/div><\/div><!-- Begin Header -->\n\n    <header class=\"wbc-sticky header-bar mobile-menu\" data-menu-height=\"83\" data-scroll-height=\"40\">\n\n\n      \n      <div class=\"menu-bar-wrapper\">\n        <div class=\"container\">\n          <div class=\"header-inner\">\n\n            <div class=\"site-logo-title has-logo\"><a href=\"https:\/\/viriatus.pt\/en\/\"><img decoding=\"async\" class=\"wbc-main-logo\" src=\"https:\/\/viriatus.pt\/wp-content\/uploads\/2021\/04\/LogoViriatus_Houses_RGB-01-1.png\" alt=\"Casas Viriatus - Turismo rural\"><img decoding=\"async\" class=\"wbc-alt-logo\" src=\"https:\/\/viriatus.pt\/wp-content\/uploads\/2021\/04\/LogoViriatus_Houses_RGB_white-01-1.png\" alt=\"Casas Viriatus - Turismo rural\"><\/a><\/div><!-- .\/site-logo-title --><nav id=\"wbc9-main\" class=\"primary-menu\"><ul id=\"main-menu\" class=\"wbc_menu\"><li id=\"menu-item-965\" class=\"menu-item menu-item-type-post_type menu-item-object-page menu-item-home menu-item-965\"><a href=\"https:\/\/viriatus.pt\/en\/\">Home<\/a><\/li>\n<li id=\"menu-item-966\" class=\"menu-item menu-item-type-custom menu-item-object-custom menu-item-966\"><a href=\"https:\/\/viriatus.pt\/en\/#galeria\">Gallery<\/a><\/li>\n<li id=\"menu-item-968\" class=\"menu-item menu-item-type-custom menu-item-object-custom menu-item-968\"><a href=\"https:\/\/viriatus.pt\/en\/#recursos\">Services<\/a><\/li>\n<li id=\"menu-item-969\" class=\"menu-item menu-item-type-custom menu-item-object-custom menu-item-969\"><a href=\"https:\/\/viriatus.pt\/en\/#atividades\">Activities<\/a><\/li>\n<li id=\"menu-item-1559\" class=\"menu-item menu-item-type-post_type menu-item-object-page menu-item-1559\"><a href=\"https:\/\/viriatus.pt\/en\/booking\/\">Booking<\/a><\/li>\n<li id=\"menu-item-1767\" class=\"menu-item menu-item-type-post_type menu-item-object-page menu-item-1767\"><a href=\"https:\/\/viriatus.pt\/en\/sobre\/\">About Us<\/a><\/li>\n<li id=\"menu-item-2163\" class=\"menu-item menu-item-type-custom menu-item-object-custom menu-item-2163\"><a href=\"https:\/\/viriatus.pt\/en\/#noticias\">Noticias<\/a><\/li>\n<li id=\"menu-item-971\" class=\"menu-item menu-item-type-custom menu-item-object-custom menu-item-971\"><a href=\"https:\/\/viriatus.pt\/en\/#contactos\">Contacts<\/a><\/li>\n<\/ul><\/nav>            <div class=\"clearfix\"><\/div>\n          <\/div><!-- .\/header-inner -->\n\n\n          <a href=\"#\" class=\"menu-icon\" aria-label=\"Toggle Menu\"><i class=\"fa fa-bars\"><\/i><\/a>\n          <nav id=\"mobile-nav-menu\" class=\"mobile-nav-menu\" style=\"display:none;\">\n            <ul id=\"mobile-nav-menu-ul\" class=\"wbc_menu\"><li class=\"menu-item menu-item-type-post_type menu-item-object-page menu-item-home menu-item-965\"><a href=\"https:\/\/viriatus.pt\/en\/\">Home<\/a><\/li>\n<li class=\"menu-item menu-item-type-custom menu-item-object-custom menu-item-966\"><a href=\"https:\/\/viriatus.pt\/en\/#galeria\">Gallery<\/a><\/li>\n<li class=\"menu-item menu-item-type-custom menu-item-object-custom menu-item-968\"><a href=\"https:\/\/viriatus.pt\/en\/#recursos\">Services<\/a><\/li>\n<li class=\"menu-item menu-item-type-custom menu-item-object-custom menu-item-969\"><a href=\"https:\/\/viriatus.pt\/en\/#atividades\">Activities<\/a><\/li>\n<li class=\"menu-item menu-item-type-post_type menu-item-object-page menu-item-1559\"><a href=\"https:\/\/viriatus.pt\/en\/booking\/\">Booking<\/a><\/li>\n<li class=\"menu-item menu-item-type-post_type menu-item-object-page menu-item-1767\"><a href=\"https:\/\/viriatus.pt\/en\/sobre\/\">About Us<\/a><\/li>\n<li class=\"menu-item menu-item-type-custom menu-item-object-custom menu-item-2163\"><a href=\"https:\/\/viriatus.pt\/en\/#noticias\">Noticias<\/a><\/li>\n<li class=\"menu-item menu-item-type-custom menu-item-object-custom menu-item-971\"><a href=\"https:\/\/viriatus.pt\/en\/#contactos\">Contacts<\/a><\/li>\n<\/ul>          <\/nav>\n         <div class=\"clearfix\"><\/div>\n        <\/div><!-- .\/container -->\n      <\/div> <!-- .\/menu-bar-wrapper -->\n          <\/header>\n<!-- End Header -->\n<div id=\"wbc-69e4e697d98a8\"  class=\"vc_row wpb_row  full-width-section\" style=\"padding-top: 40px;padding-bottom: 40px;\"><span class=\"anchor-link\" id=\"about\"><\/span><div class=\"container\"><div class=\"row row-inner\">\n\t<div class=\"wpb_column vc_column_container vc_col-sm-12\"><div class=\"vc_column-inner\" >\n\t\t<div class=\"wpb_wrapper\">\n\t\t\t<div class=\"vc_row wpb_row vc_inner vc_row-fluid wbc-eq-height wbc-vertical-center\"><div class=\"wpb_column vc_column_container vc_col-sm-8\"><div class=\"vc_column-inner\"><div class=\"wpb_wrapper\"><div class=\"wbc-heading clearfix\"><h3 class=\"special-heading-3\" style=\"font-size:35px;text-align:center;margin-bottom:40px;\">UM PROJETO DE <span class=\"wbc-color\" >FAM\u00cdLIA<\/span><\/h3><\/div>\n\t<div class=\"wpb_text_column wpb_content_element\" >\n\t\t<div class=\"wpb_wrapper\">\n\t\t\t<p style=\"text-align: center;\">A Casas Viriatus s\u00e3o um projeto da m\u00e3e L\u00f3l\u00f3 e da filha Ni que come\u00e7ou a surgir em 2016. A motiva\u00e7\u00e3o foi tanta que ambas mudaram de vida para se poderem dedicar a esta aventura.<\/p>\n\n\t\t<\/div>\n\t<\/div>\n<\/div><\/div><\/div><div class=\"wpb_column vc_column_container vc_col-sm-4\"><div class=\"vc_column-inner\"><div class=\"wpb_wrapper\">\n\t<div  class=\"wpb_single_image wpb_content_element vc_align_center wpb_content_element\">\n\t\t\n\t\t<figure class=\"wpb_wrapper vc_figure\">\n\t\t\t<div class=\"vc_single_image-wrapper vc_box_shadow  vc_box_border_grey\"><img loading=\"lazy\" decoding=\"async\" width=\"1024\" height=\"768\" src=\"https:\/\/viriatus.pt\/wp-content\/uploads\/2022\/07\/ni-lolo.jpeg\" class=\"vc_single_image-img attachment-full\" alt=\"\" title=\"ni-lolo\" srcset=\"https:\/\/viriatus.pt\/wp-content\/uploads\/2022\/07\/ni-lolo.jpeg 1024w, https:\/\/viriatus.pt\/wp-content\/uploads\/2022\/07\/ni-lolo-300x225.jpeg 300w, https:\/\/viriatus.pt\/wp-content\/uploads\/2022\/07\/ni-lolo-768x576.jpeg 768w, https:\/\/viriatus.pt\/wp-content\/uploads\/2022\/07\/ni-lolo-16x12.jpeg 16w, https:\/\/viriatus.pt\/wp-content\/uploads\/2022\/07\/ni-lolo-848x636.jpeg 848w\" sizes=\"auto, (max-width: 1024px) 100vw, 1024px\" \/><\/div>\n\t\t<\/figure>\n\t<\/div>\n<\/div><\/div><\/div><\/div>\n\t\t<\/div> <\/div>\n\t<\/div> \n<\/div><\/div><\/div>\n<\/div>","protected":false},"excerpt":{"rendered":"O CONCEITO DAS CASAS VIRIATUS As Casas Viriatus s\u00e3o casas de campo de turismo rural situadas numa quinta em Paredes de Coura, no centro do Alto Minho. No restauro dos edif\u00edcios, procuramos ser fi\u00e9is \u00e0 tra\u00e7a antiga, mas imprimindo comodidade e modernidade aos espa\u00e7os com a utiliza\u00e7\u00e3o de materiais locais. Tamb\u00e9m no mobili\u00e1rio e decora\u00e7\u00e3o, [...]","protected":false},"author":1,"featured_media":0,"parent":0,"menu_order":0,"comment_status":"closed","ping_status":"closed","template":"","meta":{"footnotes":""},"class_list":["post-1724","page","type-page","status-publish","hentry"],"_links":{"self":[{"href":"https:\/\/viriatus.pt\/en\/wp-json\/wp\/v2\/pages\/1724","targetHints":{"allow":["GET"]}}],"collection":[{"href":"https:\/\/viriatus.pt\/en\/wp-json\/wp\/v2\/pages"}],"about":[{"href":"https:\/\/viriatus.pt\/en\/wp-json\/wp\/v2\/types\/page"}],"author":[{"embeddable":true,"href":"https:\/\/viriatus.pt\/en\/wp-json\/wp\/v2\/users\/1"}],"replies":[{"embeddable":true,"href":"https:\/\/viriatus.pt\/en\/wp-json\/wp\/v2\/comments?post=1724"}],"version-history":[{"count":39,"href":"https:\/\/viriatus.pt\/en\/wp-json\/wp\/v2\/pages\/1724\/revisions"}],"predecessor-version":[{"id":2023,"href":"https:\/\/viriatus.pt\/en\/wp-json\/wp\/v2\/pages\/1724\/revisions\/2023"}],"wp:attachment":[{"href":"https:\/\/viriatus.pt\/en\/wp-json\/wp\/v2\/media?parent=1724"}],"curies":[{"name":"wp","href":"https:\/\/api.w.org\/{rel}","templated":true}]}}